{"id":3582,"date":"2018-12-29T14:58:45","date_gmt":"2018-12-29T14:58:45","guid":{"rendered":"https:\/\/www.zoom--in.it\/?page_id=3582"},"modified":"2019-02-17T15:55:55","modified_gmt":"2019-02-17T15:55:55","slug":"la-trappola","status":"publish","type":"page","link":"https:\/\/www.zoom--in.it\/index.php\/la-trappola\/","title":{"rendered":"La trappola"},"content":{"rendered":"\t\t<div data-elementor-type=\"wp-post\" data-elementor-id=\"3582\" class=\"elementor elementor-3582 elementor-bc-flex-widget\">\n\t\t\t\t\t\t<div class=\"elementor-inner\">\n\t\t\t\t<div class=\"elementor-section-wrap\">\n\t\t\t\t\t\t\t\t\t<section class=\"elementor-section elementor-top-section elementor-element elementor-element-d1eef8f elementor-section-boxed elementor-section-height-default elementor-section-height-default\" data-id=\"d1eef8f\" data-element_type=\"section\" data-settings=\"{&quot;background_background&quot;:&quot;classic&quot;,&quot;shape_divider_top&quot;:&quot;book&quot;,&quot;shape_divider_top_negative&quot;:&quot;yes&quot;}\">\n\t\t\t\t\t<div class=\"elementor-shape elementor-shape-top\" data-negative=\"true\">\n\t\t\t<svg xmlns=\"http:\/\/www.w3.org\/2000\/svg\" viewBox=\"0 0 1000 100\" preserveAspectRatio=\"none\">\n\t<path class=\"elementor-shape-fill\" d=\"M806,94.7C619.5,90,500,20.3,500,1.7c-1,18.6-117.5,88.3-306,93C92,97.2,0,97.9,0,97.9v-0l0,0v2.3h1000v-2.3 C1000,97.7,920.3,97.6,806,94.7z M350,65.1L350,65.1L350,65.1L350,65.1z\"\/>\n<\/svg>\n\t\t<\/div>\n\t\t\t\t\t<div class=\"elementor-container elementor-column-gap-default\">\n\t\t\t\t\t\t\t<div class=\"elementor-row\">\n\t\t\t\t\t<div class=\"elementor-column elementor-col-50 elementor-top-column elementor-element elementor-element-3cb651f\" data-id=\"3cb651f\" data-element_type=\"column\">\n\t\t\t<div class=\"elementor-column-wrap elementor-element-populated\">\n\t\t\t\t\t\t\t<div class=\"elementor-widget-wrap\">\n\t\t\t\t\t\t<div class=\"elementor-element elementor-element-17f5abf elementor-widget elementor-widget-heading\" data-id=\"17f5abf\" data-element_type=\"widget\" data-widget_type=\"heading.default\">\n\t\t\t\t<div class=\"elementor-widget-container\">\n\t\t\t<h2 class=\"elementor-heading-title elementor-size-default\">La Trappola di MERCURIO<br>\nAlois Walden Grassani<\/h2>\t\t<\/div>\n\t\t\t\t<\/div>\n\t\t\t\t<div class=\"elementor-element elementor-element-0e6d104 elementor-widget elementor-widget-text-editor\" data-id=\"0e6d104\" data-element_type=\"widget\" data-widget_type=\"text-editor.default\">\n\t\t\t\t<div class=\"elementor-widget-container\">\n\t\t\t\t\t\t\t\t<div class=\"elementor-text-editor elementor-clearfix\">\n\t\t\t\t<p><span style=\"font-weight: 400;\"><img data-attachment-id=\"3570\" data-permalink=\"https:\/\/www.zoom--in.it\/index.php\/libri\/2-4\/\" data-orig-file=\"https:\/\/i0.wp.com\/www.zoom--in.it\/wp-content\/uploads\/2018\/12\/2-2.png?fit=1056%2C1588&amp;ssl=1\" data-orig-size=\"1056,1588\" data-comments-opened=\"0\" data-image-meta=\"{&quot;aperture&quot;:&quot;0&quot;,&quot;credit&quot;:&quot;&quot;,&quot;camera&quot;:&quot;&quot;,&quot;caption&quot;:&quot;&quot;,&quot;created_timestamp&quot;:&quot;0&quot;,&quot;copyright&quot;:&quot;&quot;,&quot;focal_length&quot;:&quot;0&quot;,&quot;iso&quot;:&quot;0&quot;,&quot;shutter_speed&quot;:&quot;0&quot;,&quot;title&quot;:&quot;&quot;,&quot;orientation&quot;:&quot;0&quot;}\" data-image-title=\"2\" data-image-description=\"\" data-image-caption=\"\" data-medium-file=\"https:\/\/i0.wp.com\/www.zoom--in.it\/wp-content\/uploads\/2018\/12\/2-2.png?fit=199%2C300&amp;ssl=1\" data-large-file=\"https:\/\/i0.wp.com\/www.zoom--in.it\/wp-content\/uploads\/2018\/12\/2-2.png?fit=640%2C962&amp;ssl=1\" loading=\"lazy\" class=\"wp-image-3570 size-medium alignleft\" src=\"https:\/\/i0.wp.com\/www.zoom--in.it\/wp-content\/uploads\/2018\/12\/2-2.png?resize=199%2C300&#038;ssl=1\" alt=\"\" width=\"199\" height=\"300\" data-recalc-dims=\"1\" \/><\/span><\/p><p>La Trappola di Mercurio \u00e8 una Narrazione che diviene <span style=\"color: #890101;\"><strong>Trattato Rivoluzionario<\/strong><\/span>. Incomincia come Racconto, gi\u00e0 consapevole di sfociare in Denuncia Civile. L&#8217;<span style=\"color: #890101;\"><strong>amalgama<\/strong><\/span>, storia ed effetti: consolida i denti e avvelena il corpo nelle sue pi\u00f9 varie organicit\u00e0, dal cervello all&#8217;intestino, i muscoli, i piedi, le capacit\u00e0 espressive e cognitive. Un capitoletto \u00e8 dedicato alla morte di Peter Falk, il celebre <span style=\"color: #890101;\"><strong><em>Tenente Colombo<\/em><\/strong><\/span><\/p><p><em>Libro interessante e stimolante, un argomento da scoprire tramite lo stile scorrevole e autobiografico dell&#8217;autore!<\/em><\/p><p><strong><span style=\"color: #890101;\">Ester Giamberini<\/span><\/strong><\/p><p><em>E&#8217; davvero impressionante quello che si scopre leggendo &#8220;La trappola di mercurio&#8221;: mai avrei potuto immaginare che una semplice otturazione (il cosiddetto amalgama) potesse causare tanti e tali danni alla salute di una persona.\u00a0<\/em><em><br \/>Alois W. Grassani si \u00e8 esposto in prima persona raccontando le proprie vicissitudini, iniziate verso i 15 anni, e proseguite col repentino peggioramento delle condizioni di salute a causa di un dentista maldestro. In parallelo, si racconta dell&#8217;analoga esperienza vissuta dal tenente Colombo, alias Peter Falk. Assolutamente da leggere<\/em>!<\/p><p><strong><span style=\"color: #890101;\">Gabri Elle<\/span><\/strong><\/p>\t\t\t\t\t<\/div>\n\t\t\t\t\t\t<\/div>\n\t\t\t\t<\/div>\n\t\t\t\t\t\t<\/div>\n\t\t\t\t\t<\/div>\n\t\t<\/div>\n\t\t\t\t<div class=\"elementor-column elementor-col-50 elementor-top-column elementor-element elementor-element-61ea82f\" data-id=\"61ea82f\" data-element_type=\"column\">\n\t\t\t<div class=\"elementor-column-wrap elementor-element-populated\">\n\t\t\t\t\t\t\t<div class=\"elementor-widget-wrap\">\n\t\t\t\t\t\t<div class=\"elementor-element elementor-element-e532271 elementor-widget elementor-widget-text-editor\" data-id=\"e532271\" data-element_type=\"widget\" data-widget_type=\"text-editor.default\">\n\t\t\t\t<div class=\"elementor-widget-container\">\n\t\t\t\t\t\t\t\t<div class=\"elementor-text-editor elementor-clearfix\">\n\t\t\t\t<p><em>L&#8217;amalgama al mercurio fu la causa dei problemi neurologici e, quindi, della morte di Peter Falk, l&#8217;amato tenente Colombo. Alois W. Grassani, autore del libro, tratta dell&#8217;argomento facendo riferimento alla drammatica esperienza personale vissuta a seguito della rimozione di amalgami da parte di un dentista &#8220;incauto&#8221;. Il libro offre spunti davvero interessanti e riferimenti scientifici importanti. Ne consiglio vivamente la lettura!<\/em><\/p><p><strong><span style=\"color: #890101;\">Gabriella Adam Lan<\/span><\/strong><\/p><p><em>Ecco uno degli imperdibili libri di Alois Grassani sulla salute, le problematiche odierne e la scelta della via di cura naturale. Due casi paralleli: quello di Peter Falk, morto avvelenato a causa degli amalgami dentari al mercurio, e il faticoso percorso di convivenza con ictus e altri effetti collaterali, che per alcuni decenni hanno tenuto impegnato l\u2019autore di questo libro, Alois Grassani &#8211; uno dei pi\u00f9 grandi conoscitori delle terapie di cura naturali oggi in Italia &#8211; nella partita a scacchi con il veleno mortale. Un appassionante e prezioso documento in forma di narrazione autobiografica che dimostra quanto possa valere per la vita umana l\u2019alleanza dell\u2019uomo con la natura.<\/em><\/p><p><strong><span style=\"color: #890101;\">Roberta Reali<\/span><\/strong><\/p>\t\t\t\t\t<\/div>\n\t\t\t\t\t\t<\/div>\n\t\t\t\t<\/div>\n\t\t\t\t\t\t<\/div>\n\t\t\t\t\t<\/div>\n\t\t<\/div>\n\t\t\t\t\t\t\t\t<\/div>\n\t\t\t\t\t<\/div>\n\t\t<\/section>\n\t\t\t\t\t\t\t\t\t<\/div>\n\t\t\t<\/div>\n\t\t\t\t\t<\/div>\n\t\t","protected":false},"excerpt":{"rendered":"<p>La Trappola di MERCURIO Alois Walden Grassani La Trappola di Mercurio \u00e8 una Narrazione che<\/p>\n","protected":false},"author":1,"featured_media":0,"parent":0,"menu_order":0,"comment_status":"closed","ping_status":"closed","template":"","meta":{"spay_email":""},"yoast_head":"<!-- This site is optimized with the Yoast SEO plugin v19.4 - https:\/\/yoast.com\/wordpress\/plugins\/seo\/ -->\n<title>La trappola - ZoomIN Magazine<\/title>\n<meta name=\"robots\" content=\"index, follow, max-snippet:-1, max-image-preview:large, max-video-preview:-1\" \/>\n<link rel=\"canonical\" href=\"https:\/\/www.zoom--in.it\/index.php\/la-trappola\/\" \/>\n<meta property=\"og:locale\" content=\"it_IT\" \/>\n<meta property=\"og:type\" content=\"article\" \/>\n<meta property=\"og:title\" content=\"La trappola - ZoomIN Magazine\" \/>\n<meta property=\"og:description\" content=\"La Trappola di MERCURIO Alois Walden Grassani La Trappola di Mercurio \u00e8 una Narrazione che\" \/>\n<meta property=\"og:url\" content=\"https:\/\/www.zoom--in.it\/index.php\/la-trappola\/\" \/>\n<meta property=\"og:site_name\" content=\"ZoomIN Magazine\" \/>\n<meta property=\"article:modified_time\" content=\"2019-02-17T15:55:55+00:00\" \/>\n<meta property=\"og:image\" content=\"https:\/\/www.zoom--in.it\/wp-content\/uploads\/2018\/12\/2-2-199x300.png\" \/>\n<meta name=\"twitter:card\" content=\"summary_large_image\" \/>\n<meta name=\"twitter:label1\" content=\"Tempo di lettura stimato\" \/>\n\t<meta name=\"twitter:data1\" content=\"2 minuti\" \/>\n<script type=\"application\/ld+json\" class=\"yoast-schema-graph\">{\"@context\":\"https:\/\/schema.org\",\"@graph\":[{\"@type\":\"Organization\",\"@id\":\"https:\/\/www.zoom--in.it\/#organization\",\"name\":\"ZoomIN Magazine\",\"url\":\"https:\/\/www.zoom--in.it\/\",\"sameAs\":[],\"logo\":{\"@type\":\"ImageObject\",\"inLanguage\":\"it-IT\",\"@id\":\"https:\/\/www.zoom--in.it\/#\/schema\/logo\/image\/\",\"url\":\"https:\/\/i0.wp.com\/www.zoom--in.it\/wp-content\/uploads\/2018\/11\/cropped-final.png?fit=568%2C237&ssl=1\",\"contentUrl\":\"https:\/\/i0.wp.com\/www.zoom--in.it\/wp-content\/uploads\/2018\/11\/cropped-final.png?fit=568%2C237&ssl=1\",\"width\":568,\"height\":237,\"caption\":\"ZoomIN Magazine\"},\"image\":{\"@id\":\"https:\/\/www.zoom--in.it\/#\/schema\/logo\/image\/\"}},{\"@type\":\"WebSite\",\"@id\":\"https:\/\/www.zoom--in.it\/#website\",\"url\":\"https:\/\/www.zoom--in.it\/\",\"name\":\"ZoomIN Magazine\",\"description\":\"Magazine Online libero e senza pubblicit\u00e0, pieno di rubriche e curiosit\u00e0\",\"publisher\":{\"@id\":\"https:\/\/www.zoom--in.it\/#organization\"},\"potentialAction\":[{\"@type\":\"SearchAction\",\"target\":{\"@type\":\"EntryPoint\",\"urlTemplate\":\"https:\/\/www.zoom--in.it\/?s={search_term_string}\"},\"query-input\":\"required name=search_term_string\"}],\"inLanguage\":\"it-IT\"},{\"@type\":\"WebPage\",\"@id\":\"https:\/\/www.zoom--in.it\/index.php\/la-trappola\/\",\"url\":\"https:\/\/www.zoom--in.it\/index.php\/la-trappola\/\",\"name\":\"La trappola - ZoomIN Magazine\",\"isPartOf\":{\"@id\":\"https:\/\/www.zoom--in.it\/#website\"},\"datePublished\":\"2018-12-29T14:58:45+00:00\",\"dateModified\":\"2019-02-17T15:55:55+00:00\",\"breadcrumb\":{\"@id\":\"https:\/\/www.zoom--in.it\/index.php\/la-trappola\/#breadcrumb\"},\"inLanguage\":\"it-IT\",\"potentialAction\":[{\"@type\":\"ReadAction\",\"target\":[\"https:\/\/www.zoom--in.it\/index.php\/la-trappola\/\"]}]},{\"@type\":\"BreadcrumbList\",\"@id\":\"https:\/\/www.zoom--in.it\/index.php\/la-trappola\/#breadcrumb\",\"itemListElement\":[{\"@type\":\"ListItem\",\"position\":1,\"name\":\"Home\",\"item\":\"https:\/\/www.zoom--in.it\/\"},{\"@type\":\"ListItem\",\"position\":2,\"name\":\"La trappola\"}]}]}<\/script>\n<!-- \/ Yoast SEO plugin. -->","yoast_head_json":{"title":"La trappola - ZoomIN Magazine","robots":{"index":"index","follow":"follow","max-snippet":"max-snippet:-1","max-image-preview":"max-image-preview:large","max-video-preview":"max-video-preview:-1"},"canonical":"https:\/\/www.zoom--in.it\/index.php\/la-trappola\/","og_locale":"it_IT","og_type":"article","og_title":"La trappola - ZoomIN Magazine","og_description":"La Trappola di MERCURIO Alois Walden Grassani La Trappola di Mercurio \u00e8 una Narrazione che","og_url":"https:\/\/www.zoom--in.it\/index.php\/la-trappola\/","og_site_name":"ZoomIN Magazine","article_modified_time":"2019-02-17T15:55:55+00:00","og_image":[{"url":"https:\/\/www.zoom--in.it\/wp-content\/uploads\/2018\/12\/2-2-199x300.png"}],"twitter_card":"summary_large_image","twitter_misc":{"Tempo di lettura stimato":"2 minuti"},"schema":{"@context":"https:\/\/schema.org","@graph":[{"@type":"Organization","@id":"https:\/\/www.zoom--in.it\/#organization","name":"ZoomIN Magazine","url":"https:\/\/www.zoom--in.it\/","sameAs":[],"logo":{"@type":"ImageObject","inLanguage":"it-IT","@id":"https:\/\/www.zoom--in.it\/#\/schema\/logo\/image\/","url":"https:\/\/i0.wp.com\/www.zoom--in.it\/wp-content\/uploads\/2018\/11\/cropped-final.png?fit=568%2C237&ssl=1","contentUrl":"https:\/\/i0.wp.com\/www.zoom--in.it\/wp-content\/uploads\/2018\/11\/cropped-final.png?fit=568%2C237&ssl=1","width":568,"height":237,"caption":"ZoomIN Magazine"},"image":{"@id":"https:\/\/www.zoom--in.it\/#\/schema\/logo\/image\/"}},{"@type":"WebSite","@id":"https:\/\/www.zoom--in.it\/#website","url":"https:\/\/www.zoom--in.it\/","name":"ZoomIN Magazine","description":"Magazine Online libero e senza pubblicit\u00e0, pieno di rubriche e curiosit\u00e0","publisher":{"@id":"https:\/\/www.zoom--in.it\/#organization"},"potentialAction":[{"@type":"SearchAction","target":{"@type":"EntryPoint","urlTemplate":"https:\/\/www.zoom--in.it\/?s={search_term_string}"},"query-input":"required name=search_term_string"}],"inLanguage":"it-IT"},{"@type":"WebPage","@id":"https:\/\/www.zoom--in.it\/index.php\/la-trappola\/","url":"https:\/\/www.zoom--in.it\/index.php\/la-trappola\/","name":"La trappola - ZoomIN Magazine","isPartOf":{"@id":"https:\/\/www.zoom--in.it\/#website"},"datePublished":"2018-12-29T14:58:45+00:00","dateModified":"2019-02-17T15:55:55+00:00","breadcrumb":{"@id":"https:\/\/www.zoom--in.it\/index.php\/la-trappola\/#breadcrumb"},"inLanguage":"it-IT","potentialAction":[{"@type":"ReadAction","target":["https:\/\/www.zoom--in.it\/index.php\/la-trappola\/"]}]},{"@type":"BreadcrumbList","@id":"https:\/\/www.zoom--in.it\/index.php\/la-trappola\/#breadcrumb","itemListElement":[{"@type":"ListItem","position":1,"name":"Home","item":"https:\/\/www.zoom--in.it\/"},{"@type":"ListItem","position":2,"name":"La trappola"}]}]}},"jetpack_sharing_enabled":true,"jetpack_shortlink":"https:\/\/wp.me\/P9Zlh8-VM","_links":{"self":[{"href":"https:\/\/www.zoom--in.it\/index.php\/wp-json\/wp\/v2\/pages\/3582"}],"collection":[{"href":"https:\/\/www.zoom--in.it\/index.php\/wp-json\/wp\/v2\/pages"}],"about":[{"href":"https:\/\/www.zoom--in.it\/index.php\/wp-json\/wp\/v2\/types\/page"}],"author":[{"embeddable":true,"href":"https:\/\/www.zoom--in.it\/index.php\/wp-json\/wp\/v2\/users\/1"}],"replies":[{"embeddable":true,"href":"https:\/\/www.zoom--in.it\/index.php\/wp-json\/wp\/v2\/comments?post=3582"}],"version-history":[{"count":4,"href":"https:\/\/www.zoom--in.it\/index.php\/wp-json\/wp\/v2\/pages\/3582\/revisions"}],"predecessor-version":[{"id":4481,"href":"https:\/\/www.zoom--in.it\/index.php\/wp-json\/wp\/v2\/pages\/3582\/revisions\/4481"}],"wp:attachment":[{"href":"https:\/\/www.zoom--in.it\/index.php\/wp-json\/wp\/v2\/media?parent=3582"}],"curies":[{"name":"wp","href":"https:\/\/api.w.org\/{rel}","templated":true}]}}